{"id":84,"date":"2017-08-15T10:01:05","date_gmt":"2017-08-15T08:01:05","guid":{"rendered":"http:\/\/kraghede-borgerforening.dk\/?page_id=84"},"modified":"2022-04-22T11:28:30","modified_gmt":"2022-04-22T09:28:30","slug":"foreningen","status":"publish","type":"page","link":"https:\/\/kraghede-borgerforening.dk\/index.php\/foreningen\/","title":{"rendered":"Foreningens historie"},"content":{"rendered":"<p><b><img data-recalc-dims=\"1\" loading=\"lazy\" decoding=\"async\" data-attachment-id=\"54\" data-permalink=\"https:\/\/kraghede-borgerforening.dk\/index.php\/foreningen\/dsc08811-683x1024\/\" data-orig-file=\"https:\/\/i0.wp.com\/kraghede-borgerforening.dk\/wp-content\/uploads\/2017\/08\/DSC08811-683x1024.jpg?fit=683%2C1024&amp;ssl=1\" data-orig-size=\"683,1024\" data-comments-opened=\"1\" data-image-meta=\"{&quot;aperture&quot;:&quot;0&quot;,&quot;credit&quot;:&quot;&quot;,&quot;camera&quot;:&quot;&quot;,&quot;caption&quot;:&quot;&quot;,&quot;created_timestamp&quot;:&quot;0&quot;,&quot;copyright&quot;:&quot;&quot;,&quot;focal_length&quot;:&quot;0&quot;,&quot;iso&quot;:&quot;0&quot;,&quot;shutter_speed&quot;:&quot;0&quot;,&quot;title&quot;:&quot;&quot;,&quot;orientation&quot;:&quot;0&quot;}\" data-image-title=\"DSC08811-683&#215;1024\" data-image-description=\"\" data-image-caption=\"\" data-medium-file=\"https:\/\/i0.wp.com\/kraghede-borgerforening.dk\/wp-content\/uploads\/2017\/08\/DSC08811-683x1024.jpg?fit=200%2C300&amp;ssl=1\" data-large-file=\"https:\/\/i0.wp.com\/kraghede-borgerforening.dk\/wp-content\/uploads\/2017\/08\/DSC08811-683x1024.jpg?fit=525%2C787&amp;ssl=1\" class=\"alignnone size-full wp-image-54\" src=\"https:\/\/i0.wp.com\/kraghede-borgerforening.dk\/wp-content\/uploads\/2017\/08\/DSC08811-683x1024.jpg?resize=525%2C787\" alt=\"\" width=\"525\" height=\"787\" srcset=\"https:\/\/i0.wp.com\/kraghede-borgerforening.dk\/wp-content\/uploads\/2017\/08\/DSC08811-683x1024.jpg?resize=683%2C1024&amp;ssl=1 683w, https:\/\/i0.wp.com\/kraghede-borgerforening.dk\/wp-content\/uploads\/2017\/08\/DSC08811-683x1024.jpg?resize=200%2C300&amp;ssl=1 200w\" sizes=\"auto, (max-width: 525px) 100vw, 525px\" \/><\/b><\/p>\n<p><em>Kraghede Idr\u00e6tsforening<\/em> blev stiftet i 1942 p\u00e5 lejede arealer umiddelbart uden for Kraghede By, og i 1944 blev arealet p\u00e5 knap 2 ha erhvervet af idr\u00e6tsforeningen.<\/p>\n<p>I 1954 blev det nuv\u00e6rende klubhus opf\u00f8rt af <em>Kraghede Idr\u00e6tsforening<\/em>. Huset er siden siden blevet udbygget og l\u00f8bende renoveret.<\/p>\n<p>I 1987 blev Borgerforeningen stiftet og indlemmet i Kraghede Idr\u00e6tsforening med det efterf\u00f8lgende officielle navn <em>Kraghede Idr\u00e6ts- og Borgerforening <\/em><em>&#8211; <\/em>hjemmeh\u00f8rende i <em>Kraghede Klubhus<\/em>.<\/p>\n<p><em>Kraghede Idr\u00e6ts- og Borgerforenings<\/em> form\u00e5l er:<\/p>\n<p><strong>\u201dat fremme foreningslivet i landsbyen Kraghede gennem sociale og kulturelle aktiviteter samt at st\u00f8tte og bevare samlingsstedet Kraghede Klubhus\u201d<\/strong><\/p>\n<p><em>Kraghede Idr\u00e6ts- og Borgerforening<\/em> ejer og driver overordnet <em>Kraghede Klubhus<\/em>, <em>Kraghede Idr\u00e6tsanl\u00e6g<\/em> med bl.a.\u00a0 fodbold- og petanquebane samt omr\u00e5dets godkendte legeplads fra INDU.<\/p>\n<p><img data-recalc-dims=\"1\" loading=\"lazy\" decoding=\"async\" data-attachment-id=\"46\" data-permalink=\"https:\/\/kraghede-borgerforening.dk\/index.php\/foreningen\/1030324-1024x685\/\" data-orig-file=\"https:\/\/i0.wp.com\/kraghede-borgerforening.dk\/wp-content\/uploads\/2017\/08\/1030324-1024x685.jpg?fit=1024%2C685&amp;ssl=1\" data-orig-size=\"1024,685\" data-comments-opened=\"1\" data-image-meta=\"{&quot;aperture&quot;:&quot;0&quot;,&quot;credit&quot;:&quot;&quot;,&quot;camera&quot;:&quot;&quot;,&quot;caption&quot;:&quot;&quot;,&quot;created_timestamp&quot;:&quot;0&quot;,&quot;copyright&quot;:&quot;&quot;,&quot;focal_length&quot;:&quot;0&quot;,&quot;iso&quot;:&quot;0&quot;,&quot;shutter_speed&quot;:&quot;0&quot;,&quot;title&quot;:&quot;&quot;,&quot;orientation&quot;:&quot;0&quot;}\" data-image-title=\"1030324-1024&#215;685\" data-image-description=\"\" data-image-caption=\"\" data-medium-file=\"https:\/\/i0.wp.com\/kraghede-borgerforening.dk\/wp-content\/uploads\/2017\/08\/1030324-1024x685.jpg?fit=300%2C201&amp;ssl=1\" data-large-file=\"https:\/\/i0.wp.com\/kraghede-borgerforening.dk\/wp-content\/uploads\/2017\/08\/1030324-1024x685.jpg?fit=525%2C351&amp;ssl=1\" class=\"alignnone size-full wp-image-46\" src=\"https:\/\/i0.wp.com\/kraghede-borgerforening.dk\/wp-content\/uploads\/2017\/08\/1030324-1024x685.jpg?resize=525%2C351\" alt=\"\" width=\"525\" height=\"351\" srcset=\"https:\/\/i0.wp.com\/kraghede-borgerforening.dk\/wp-content\/uploads\/2017\/08\/1030324-1024x685.jpg?resize=1024%2C685&amp;ssl=1 1024w, https:\/\/i0.wp.com\/kraghede-borgerforening.dk\/wp-content\/uploads\/2017\/08\/1030324-1024x685.jpg?resize=300%2C201&amp;ssl=1 300w, https:\/\/i0.wp.com\/kraghede-borgerforening.dk\/wp-content\/uploads\/2017\/08\/1030324-1024x685.jpg?resize=768%2C514&amp;ssl=1 768w\" sizes=\"auto, (max-width: 767px) 89vw, (max-width: 1000px) 54vw, (max-width: 1071px) 543px, 580px\" \/><\/p>\n<p>I 1993 blev der etableret et s\u00e6rligt <em>b\u00f8rne- og ungdomsudvalg<\/em> under <em>Kraghede Idr\u00e6ts- og Borgerforening<\/em>. Udvalget tager sig af de arrangementer, der henvender sig direkte til b\u00f8rn og unge p\u00e5 egnen.<\/p>\n<p>Det samlede antal husstandsmedlemmer andrager primo 2014 i alt 65 stk.<\/p>\n<p><em>Kraghede Idr\u00e6ts- og Borgerforening<\/em> er naturligvis hjemmeh\u00f8rende i <em>Kraghede Klubhus<\/em>.<\/p>\n<ul>\n<li><b>Kraghede Klubhus\u2019s St\u00f8tteforening:<\/b><\/li>\n<\/ul>\n<p>I 1994 blev foreningen <em>Kraghede Klubhus\u2019 St\u00f8tteforening<\/em> etableret. Det prim\u00e6re form\u00e5l for foreningen er, at forest\u00e5 det praktiske i forbindelse med udlejning af <em>Kraghede Klubhus<\/em>.<\/p>\n<p>Driftsoverskuddet fra den l\u00f8bende udlejning overf\u00f8res \u00e5rligt til <em>Kraghede Idr\u00e6ts- og Borgerforening<\/em> til sikring af <em>Kraghede Idr\u00e6ts- og Borgerforenings<\/em> mange \u00e5rlige lokale aktiviteter.<\/p>\n<p><em>Kraghede Klubhus\u2019 St\u00f8tteforening<\/em> er hjemmeh\u00f8rende i <em>Kraghede Klubhus<\/em>.<\/p>\n<ul>\n<li><b>Aktiviteter:<\/b><\/li>\n<\/ul>\n<p>Nedenst\u00e5ende er oplistet de tilbagevendende arrangementer <em>Kraghede Idr\u00e6ts- og Borgerforening<\/em> igennem flere \u00e5r har kunnet realisere i <em>Kraghede Klubhus:<\/em><\/p>\n<p><b>Madlavning for m\u00e6nd<\/b> (antal deltagere: 13 \u2013 der er venteliste),<\/p>\n<p><b>Spis-sammen<\/b> (3-4 gange \u00e5rligt) med bl.a. amerikansk lotteri (antal deltagere: 40-50),<\/p>\n<p><b>Sankt Hans Fest <\/b>med spisning, fodboldturnering, b\u00e5l og b\u00e5ltale ved lokal ildsj\u00e6l\/politiker (antal deltagere: 95-120),<\/p>\n<p><b>Andespil<\/b> om 25 \u00e6nder til Mortens aften (antal deltagere: 60-70).<\/p>\n<p>I 2014 blev Sankt Hans festen afholdt med 65 spisende lokale borgere (mandag aften) samt i alt ca. 90 personer til overv\u00e6relse af b\u00e5l og b\u00e5ltale ved kommunaldirekt\u00f8r S\u00f8ren S. Steensen, Br\u00f8nderslev.<\/p>\n<p>I 2015 blev Sankt Hans festen afholdt med 75 spisende lokale borgere samt i alt ca. 100 personer til overv\u00e6relse af b\u00e5l og b\u00e5ltale ved lokalpolitiker og kendt fra DR-serien \u201dDe unge Landm\u00e6nd\u201d Line Vanggaard Pedersen, Jerslev J.<\/p>\n<p>Foruden forann\u00e6vnte afholdes der l\u00f8bende ad-hoc arrangementer, herunder senest \u00f8l-smagning og virksomhedsbes\u00f8g, samt hvert for\u00e5r arbejdsweekend med spisning.<\/p>\n<p>Ovenst\u00e5ende aktivitetstilbud synligg\u00f8res via personligt husstandsomdelt aktivitetsfolder for hvert halv\u00e5r, samt via <em>Kraghede Idr\u00e6ts- og Borgerforenings<\/em> hjemmeside <em>www.kraghede-borgerforening.dk<\/em><\/p>\n","protected":false},"excerpt":{"rendered":"<p>Kraghede Idr\u00e6tsforening blev stiftet i 1942 p\u00e5 lejede arealer umiddelbart uden for Kraghede By, og i 1944 blev arealet p\u00e5 knap 2 ha erhvervet af idr\u00e6tsforeningen. I 1954 blev det nuv\u00e6rende klubhus opf\u00f8rt af Kraghede Idr\u00e6tsforening. Huset er siden siden blevet udbygget og l\u00f8bende renoveret. I 1987 blev Borgerforeningen stiftet og indlemmet i Kraghede Idr\u00e6tsforening &hellip; <\/p>\n<p class=\"link-more\"><a href=\"https:\/\/kraghede-borgerforening.dk\/index.php\/foreningen\/\" class=\"more-link\">L\u00e6s videre<span class=\"screen-reader-text\"> &#8220;Foreningens historie&#8221;<\/span><\/a><\/p>\n","protected":false},"author":1,"featured_media":0,"parent":0,"menu_order":0,"comment_status":"closed","ping_status":"closed","template":"","meta":{"jetpack_post_was_ever_published":false,"footnotes":""},"class_list":["post-84","page","type-page","status-publish","hentry"],"jetpack_sharing_enabled":true,"jetpack_shortlink":"https:\/\/wp.me\/P98i0C-1m","jetpack-related-posts":[],"_links":{"self":[{"href":"https:\/\/kraghede-borgerforening.dk\/index.php\/wp-json\/wp\/v2\/pages\/84","targetHints":{"allow":["GET"]}}],"collection":[{"href":"https:\/\/kraghede-borgerforening.dk\/index.php\/wp-json\/wp\/v2\/pages"}],"about":[{"href":"https:\/\/kraghede-borgerforening.dk\/index.php\/wp-json\/wp\/v2\/types\/page"}],"author":[{"embeddable":true,"href":"https:\/\/kraghede-borgerforening.dk\/index.php\/wp-json\/wp\/v2\/users\/1"}],"replies":[{"embeddable":true,"href":"https:\/\/kraghede-borgerforening.dk\/index.php\/wp-json\/wp\/v2\/comments?post=84"}],"version-history":[{"count":10,"href":"https:\/\/kraghede-borgerforening.dk\/index.php\/wp-json\/wp\/v2\/pages\/84\/revisions"}],"predecessor-version":[{"id":550,"href":"https:\/\/kraghede-borgerforening.dk\/index.php\/wp-json\/wp\/v2\/pages\/84\/revisions\/550"}],"wp:attachment":[{"href":"https:\/\/kraghede-borgerforening.dk\/index.php\/wp-json\/wp\/v2\/media?parent=84"}],"curies":[{"name":"wp","href":"https:\/\/api.w.org\/{rel}","templated":true}]}}