{"id":107,"date":"2017-08-15T11:16:12","date_gmt":"2017-08-15T09:16:12","guid":{"rendered":"http:\/\/kraghede-borgerforening.dk\/?page_id=107"},"modified":"2017-10-18T08:05:18","modified_gmt":"2017-10-18T06:05:18","slug":"kraghede-group","status":"publish","type":"page","link":"https:\/\/kraghede-borgerforening.dk\/index.php\/kraghede-group\/","title":{"rendered":"&#8220;Kraghede-group&#8221;"},"content":{"rendered":"<p>Overskriften hentyder ikke til en lokal popgruppe, men er et begreb, som indg\u00e5r i flere forskellige videnskabelige v\u00e6rker om oldtiden.\u00a0Man har bevist, at det oprindelige Kraghedefolk fik nye naboer i den periode, vi kalder den f\u00f8rromerske jernalder.<br \/>\n&#8220;Kraghede-group&#8221; er blevet en anerkendt betegnelse for den stamme af keltere, der indvandrede til Kraghede fra omr\u00e5det omkring Donau&#8217;s udspring.<\/p>\n<p>&#8220;Kraghede-group&#8221; bosatte sig i slutningen af f\u00f8rromersk jernalder i Vendsyssel, og de havde et centrum af kulturel tyngdekraft, som antages at v\u00e6re videref\u00f8rt til de historiske kimbrere.<br \/>\nVendsyssel havde en avantgardeposition i overgangsfasen til den romerske jernalder, og de s\u00e6rlige tr\u00e6k som kendetegnede &#8220;Kraghede-group&#8221; i Vendsyssel, blev efterh\u00e5nden formidlet videre via Himmerland til det \u00f8vrige Jylland.<\/p>\n<p>Et af v\u00e6rkerne, som er med til at danne basis for denne artikel om &#8220;Kraghede-group&#8221;\u00a0hedder: &#8220;<em>On the so-called Kraghede-group. The Pre-Roman Iron Age in North Jutland and its connections with the Przeworsk Culture&#8221;.<\/em><\/p>\n<p>Fra et andet v\u00e6rk: &#8220;<em>The Cimbri of Denmark, the Norse and Danish Vikings, and Y-DNA Haplogroup R-S28\/U152 &#8211; (Hypothesis A)&#8221; stammer f\u00f8lgende korte citat, som beskriver en udgravning p\u00e5 \u00d8sterg\u00e5rd i Kraghede:<br \/>\n<\/em><em><br \/>\n<\/em>&#8220;The pottery styles are Celtic in\u00a0this period (early La Tene). North Jutlandic ceramics are, according to Kaul, characterized by \u201cdeeply incised chevrons\u201d \u2013 which may be a marker of the Cimbri ceramics. Perhaps the most dramatic Celtic artifacts, however, relate to a chief\u2019s grave at Kraghede with articles of Celtic manufacture and inspiration from the Late La Tene period such as a pottery drinking vessel showing a Celtic hunting scene and done in the dotted lines technique. He was buried with a four &#8211; wheeled chariot \u2013 although the burial was a cremation, therefore much was destroyed and distorted. What seems clear is that although the place was Denmark, the burial was precisely that which one would expect at this period of an aristocratic Celtic male from the Celtic homeland of the Upper Danube.&#8221;<\/p>\n<p>Som det bl.a. fremg\u00e5r af den engelske tekst herover, er der i Kraghede bl.a. fundet en rigt udstyret vogngrav.\u00a0Den var ganske vist ikke s\u00e6rlig godt bevaret. Bronzebeslagene fra vognen var n\u00e6sten alle smeltet til ukendelighed p\u00e5 ligb\u00e5let. \u00a0Et andet fragment stammede antagelig fra en af kapslerne fra undervognens stangt\u00f8j. Men de mange sm\u00e5 stumper af v\u00e5ben, redskaber og personligt udstyr, samt resterne af mindst to heste, to svin og et f\u00e5r viser, at ogs\u00e5 her havde en krigerh\u00f8vding f\u00e5et en overd\u00e5dig b\u00e5lf\u00e6rd.<\/p>\n<p><img data-recalc-dims=\"1\" loading=\"lazy\" decoding=\"async\" data-attachment-id=\"45\" data-permalink=\"https:\/\/kraghede-borgerforening.dk\/index.php\/kraghede-group\/kraghedekarret\/\" data-orig-file=\"https:\/\/i0.wp.com\/kraghede-borgerforening.dk\/wp-content\/uploads\/2017\/08\/Kraghedekarret.jpg?fit=891%2C890&amp;ssl=1\" data-orig-size=\"891,890\" data-comments-opened=\"1\" data-image-meta=\"{&quot;aperture&quot;:&quot;0&quot;,&quot;credit&quot;:&quot;&quot;,&quot;camera&quot;:&quot;&quot;,&quot;caption&quot;:&quot;&quot;,&quot;created_timestamp&quot;:&quot;0&quot;,&quot;copyright&quot;:&quot;&quot;,&quot;focal_length&quot;:&quot;0&quot;,&quot;iso&quot;:&quot;0&quot;,&quot;shutter_speed&quot;:&quot;0&quot;,&quot;title&quot;:&quot;&quot;,&quot;orientation&quot;:&quot;1&quot;}\" data-image-title=\"Kraghedekarret\" data-image-description=\"\" data-image-caption=\"\" data-medium-file=\"https:\/\/i0.wp.com\/kraghede-borgerforening.dk\/wp-content\/uploads\/2017\/08\/Kraghedekarret.jpg?fit=300%2C300&amp;ssl=1\" data-large-file=\"https:\/\/i0.wp.com\/kraghede-borgerforening.dk\/wp-content\/uploads\/2017\/08\/Kraghedekarret.jpg?fit=525%2C524&amp;ssl=1\" class=\"alignnone size-full wp-image-45\" src=\"https:\/\/i0.wp.com\/kraghede-borgerforening.dk\/wp-content\/uploads\/2017\/08\/Kraghedekarret.jpg?resize=525%2C524\" alt=\"\" width=\"525\" height=\"524\" srcset=\"https:\/\/i0.wp.com\/kraghede-borgerforening.dk\/wp-content\/uploads\/2017\/08\/Kraghedekarret.jpg?w=891&amp;ssl=1 891w, https:\/\/i0.wp.com\/kraghede-borgerforening.dk\/wp-content\/uploads\/2017\/08\/Kraghedekarret.jpg?resize=150%2C150&amp;ssl=1 150w, https:\/\/i0.wp.com\/kraghede-borgerforening.dk\/wp-content\/uploads\/2017\/08\/Kraghedekarret.jpg?resize=300%2C300&amp;ssl=1 300w, https:\/\/i0.wp.com\/kraghede-borgerforening.dk\/wp-content\/uploads\/2017\/08\/Kraghedekarret.jpg?resize=768%2C767&amp;ssl=1 768w, https:\/\/i0.wp.com\/kraghede-borgerforening.dk\/wp-content\/uploads\/2017\/08\/Kraghedekarret.jpg?resize=100%2C100&amp;ssl=1 100w\" sizes=\"auto, (max-width: 767px) 89vw, (max-width: 1000px) 54vw, (max-width: 1071px) 543px, 580px\" \/><\/p>\n<p>Lerkrukken her viser en jagtscene med flere bueskytter til hest og en hjort. Denne dekorationsteknik er med til at bestemme forbindelsen til omr\u00e5det ved Donaus udspring.<\/p>\n<p>Bopladser fra den f\u00f8rromerske jernalder er hidtid kun sj\u00e6ldent fundet, men et af de vigtigste fund af denne art er fra Kraghede. Som andetsteds viser bostedet sig som et lag af skiftende tykkelse, med m\u00f8rkfarvet jord, talrige lerkarsk\u00e5r, stumper af lerklininger og enkelte andre sager. Men ved Kraghede fandtes ogs\u00e5 tomten af selve huset. Mens man i bronzealderen antagelig har benyttet den runde husform, er her p\u00e5vist tomter af 2 firsidede huse. Et af dem, det bedst kendte, var godt 15 meter langt i retning \u00d8S\u00d8-VNV og 6,75 meter bredt. V\u00e6ggen har v\u00e6ret sat med cirka 25 st\u00f8rre stolper, mellem disse har der v\u00e6ret risfletninger, vel ogs\u00e5 tyndere stolper, og p\u00e5 hver side af risflettet var p\u00e5lagt ler, s\u00e5ledes at der er dannet en tyk v\u00e6g. Der kunne p\u00e5vises en tv\u00e6rv\u00e6g delt i 2, s\u00e5ledes at det vestre rum blev omtrent kvadratisk. I dette rums indre rum var vistnok en indgang fra nord, og i dets midte l\u00e5 arnestedet, og n\u00e6r det har st\u00e5et 4 stolper til at b\u00e6re taget. N\u00e5r det her har v\u00e6ret muligt at g\u00f8re s\u00e6rlige iagttagelser, beror det p\u00e5, at huset tydeligt er g\u00e5et til grunde ved brand. V\u00e6ggene har blandt andet b\u00e5ret hylder med talrige huskar, hvoraf sk\u00e5rene blev optaget samlet.<\/p>\n<p>Allerede i den f\u00f8rromerske jernalder er s\u00e5ledes et vigtigt fremskridt gjort. Det aflange hus kan g\u00f8res b\u00e5de rummeligere og mere velindrettet end den gammeleurop\u00e6iske rundhytte.<\/p>\n<p>N\u00e6r Kraghedehusene fandtes grave, blandt andet med de f\u00f8r omtalte lerkar med keltiske dekorationer. Det flotteste, Kraghedekarret, st\u00e5r nu p\u00e5 Nationalmuseet, ligesom en pr\u00e6gtig guldarmring, der blev fundet under markarbejde.<\/p>\n<p><img data-recalc-dims=\"1\" loading=\"lazy\" decoding=\"async\" data-attachment-id=\"40\" data-permalink=\"https:\/\/kraghede-borgerforening.dk\/index.php\/kraghede-group\/vittenberggaard2\/\" data-orig-file=\"https:\/\/i0.wp.com\/kraghede-borgerforening.dk\/wp-content\/uploads\/2017\/08\/Vittenbergg%C3%A5rd2.jpg?fit=550%2C376&amp;ssl=1\" data-orig-size=\"550,376\" data-comments-opened=\"1\" data-image-meta=\"{&quot;aperture&quot;:&quot;0&quot;,&quot;credit&quot;:&quot;&quot;,&quot;camera&quot;:&quot;&quot;,&quot;caption&quot;:&quot;&quot;,&quot;created_timestamp&quot;:&quot;0&quot;,&quot;copyright&quot;:&quot;&quot;,&quot;focal_length&quot;:&quot;0&quot;,&quot;iso&quot;:&quot;0&quot;,&quot;shutter_speed&quot;:&quot;0&quot;,&quot;title&quot;:&quot;&quot;,&quot;orientation&quot;:&quot;0&quot;}\" data-image-title=\"Vittenbergg\u00e5rd2\" data-image-description=\"\" data-image-caption=\"\" data-medium-file=\"https:\/\/i0.wp.com\/kraghede-borgerforening.dk\/wp-content\/uploads\/2017\/08\/Vittenbergg%C3%A5rd2.jpg?fit=300%2C205&amp;ssl=1\" data-large-file=\"https:\/\/i0.wp.com\/kraghede-borgerforening.dk\/wp-content\/uploads\/2017\/08\/Vittenbergg%C3%A5rd2.jpg?fit=525%2C359&amp;ssl=1\" class=\"alignnone size-full wp-image-40\" src=\"https:\/\/i0.wp.com\/kraghede-borgerforening.dk\/wp-content\/uploads\/2017\/08\/Vittenbergg%C3%A5rd2.jpg?resize=525%2C359\" alt=\"\" width=\"525\" height=\"359\" srcset=\"https:\/\/i0.wp.com\/kraghede-borgerforening.dk\/wp-content\/uploads\/2017\/08\/Vittenbergg%C3%A5rd2.jpg?w=550&amp;ssl=1 550w, https:\/\/i0.wp.com\/kraghede-borgerforening.dk\/wp-content\/uploads\/2017\/08\/Vittenbergg%C3%A5rd2.jpg?resize=300%2C205&amp;ssl=1 300w\" sizes=\"auto, (max-width: 525px) 100vw, 525px\" \/><\/p>\n<p>I 1968 havde g\u00e5rdejerens 15-16 \u00e5rige s\u00f8n hjulpet til ved markarbejde umiddelbart vest for Vittenbergg\u00e5rd, og i en plovfure fundet en ring, der var helt sort af t\u00f8rvejord.\u00a0Hans mor havde vasket den i s\u00e6bevand, og den var derefter blevet lagt v\u00e6k, fordi nogle \u00e6ldre sl\u00e6gtninge mente, det bare var en af de messinggardinringe, man tidligere havde haft p\u00e5 g\u00e5rden.<br \/>\nI begyndelsen af 1979 viste en bekendt af g\u00e5rdejerfamilien et billede af ringen frem p\u00e5 Aalborg Historiske Museum.<\/p>\n<p><img data-recalc-dims=\"1\" loading=\"lazy\" decoding=\"async\" data-attachment-id=\"41\" data-permalink=\"https:\/\/kraghede-borgerforening.dk\/index.php\/kraghede-group\/vittenberggaard\/\" data-orig-file=\"https:\/\/i0.wp.com\/kraghede-borgerforening.dk\/wp-content\/uploads\/2017\/08\/Vittenbergg%C3%A5rd.jpg?fit=550%2C356&amp;ssl=1\" data-orig-size=\"550,356\" data-comments-opened=\"1\" data-image-meta=\"{&quot;aperture&quot;:&quot;0&quot;,&quot;credit&quot;:&quot;&quot;,&quot;camera&quot;:&quot;&quot;,&quot;caption&quot;:&quot;&quot;,&quot;created_timestamp&quot;:&quot;0&quot;,&quot;copyright&quot;:&quot;&quot;,&quot;focal_length&quot;:&quot;0&quot;,&quot;iso&quot;:&quot;0&quot;,&quot;shutter_speed&quot;:&quot;0&quot;,&quot;title&quot;:&quot;&quot;,&quot;orientation&quot;:&quot;0&quot;}\" data-image-title=\"Vittenbergg\u00e5rd\" data-image-description=\"\" data-image-caption=\"\" data-medium-file=\"https:\/\/i0.wp.com\/kraghede-borgerforening.dk\/wp-content\/uploads\/2017\/08\/Vittenbergg%C3%A5rd.jpg?fit=300%2C194&amp;ssl=1\" data-large-file=\"https:\/\/i0.wp.com\/kraghede-borgerforening.dk\/wp-content\/uploads\/2017\/08\/Vittenbergg%C3%A5rd.jpg?fit=525%2C340&amp;ssl=1\" class=\"alignnone size-full wp-image-41\" src=\"https:\/\/i0.wp.com\/kraghede-borgerforening.dk\/wp-content\/uploads\/2017\/08\/Vittenbergg%C3%A5rd.jpg?resize=525%2C340\" alt=\"\" width=\"525\" height=\"340\" srcset=\"https:\/\/i0.wp.com\/kraghede-borgerforening.dk\/wp-content\/uploads\/2017\/08\/Vittenbergg%C3%A5rd.jpg?w=550&amp;ssl=1 550w, https:\/\/i0.wp.com\/kraghede-borgerforening.dk\/wp-content\/uploads\/2017\/08\/Vittenbergg%C3%A5rd.jpg?resize=300%2C194&amp;ssl=1 300w\" sizes=\"auto, (max-width: 525px) 100vw, 525px\" \/><\/p>\n<p>Familien ville nu gerne have den bestemt, og det stod med det samme klart, at der var tale om en guldarmring (&#8220;edsring&#8221;) fra yngre bronzealder (ca. 700-500 f.Kr.) &#8211; og dermed et danef\u00e6. Sagen blev overdraget til Vendsyssel historiske Museum, der kontaktede Nationalmuseet.\u00a0Ved et bes\u00f8g p\u00e5 g\u00e5rden blev fundstedet udpeget &#8211; en lille lavning, der tidligere havdev\u00e6ret mose, men som var blevet opdyrket i slutningen af 1800-tallet.<\/p>\n<p>Kraghede er attraktiv for mennesker, og har tilsyneladende v\u00e6ret det meget l\u00e6nge. Der boede naturligvis ogs\u00e5 folk her f\u00f8r &#8220;Kraghede-group&#8221; indvandrede. Det ses p\u00e5 de mange fund af flinteredskaber, og ravperler fra stenalderen.<\/p>\n<p>&nbsp;<\/p>\n","protected":false},"excerpt":{"rendered":"<p>Overskriften hentyder ikke til en lokal popgruppe, men er et begreb, som indg\u00e5r i flere forskellige videnskabelige v\u00e6rker om oldtiden.\u00a0Man har bevist, at det oprindelige Kraghedefolk fik nye naboer i den periode, vi kalder den f\u00f8rromerske jernalder. &#8220;Kraghede-group&#8221; er blevet en anerkendt betegnelse for den stamme af keltere, der indvandrede til Kraghede fra omr\u00e5det omkring &hellip; <\/p>\n<p class=\"link-more\"><a href=\"https:\/\/kraghede-borgerforening.dk\/index.php\/kraghede-group\/\" class=\"more-link\">L\u00e6s videre<span class=\"screen-reader-text\"> &#8220;&#8220;Kraghede-group&#8221;&#8221;<\/span><\/a><\/p>\n","protected":false},"author":1,"featured_media":0,"parent":0,"menu_order":0,"comment_status":"closed","ping_status":"closed","template":"","meta":{"jetpack_post_was_ever_published":false,"footnotes":""},"class_list":["post-107","page","type-page","status-publish","hentry"],"jetpack_sharing_enabled":true,"jetpack_shortlink":"https:\/\/wp.me\/P98i0C-1J","jetpack-related-posts":[],"_links":{"self":[{"href":"https:\/\/kraghede-borgerforening.dk\/index.php\/wp-json\/wp\/v2\/pages\/107","targetHints":{"allow":["GET"]}}],"collection":[{"href":"https:\/\/kraghede-borgerforening.dk\/index.php\/wp-json\/wp\/v2\/pages"}],"about":[{"href":"https:\/\/kraghede-borgerforening.dk\/index.php\/wp-json\/wp\/v2\/types\/page"}],"author":[{"embeddable":true,"href":"https:\/\/kraghede-borgerforening.dk\/index.php\/wp-json\/wp\/v2\/users\/1"}],"replies":[{"embeddable":true,"href":"https:\/\/kraghede-borgerforening.dk\/index.php\/wp-json\/wp\/v2\/comments?post=107"}],"version-history":[{"count":6,"href":"https:\/\/kraghede-borgerforening.dk\/index.php\/wp-json\/wp\/v2\/pages\/107\/revisions"}],"predecessor-version":[{"id":179,"href":"https:\/\/kraghede-borgerforening.dk\/index.php\/wp-json\/wp\/v2\/pages\/107\/revisions\/179"}],"wp:attachment":[{"href":"https:\/\/kraghede-borgerforening.dk\/index.php\/wp-json\/wp\/v2\/media?parent=107"}],"curies":[{"name":"wp","href":"https:\/\/api.w.org\/{rel}","templated":true}]}}